{"id":11806,"date":"2020-06-01T15:28:48","date_gmt":"2020-06-01T18:28:48","guid":{"rendered":"https:\/\/hurdle.com.br\/fornecedor\/fornecedor-de-bones-em-cuiaba-mt\/"},"modified":"2021-02-08T15:12:29","modified_gmt":"2021-02-08T17:12:29","slug":"fornecedor-de-bones-em-cuiaba-mt","status":"publish","type":"page","link":"https:\/\/hurdle.com.br\/fornecedor\/fornecedor-de-bones-em-cuiaba-mt\/","title":{"rendered":"Fornecedor de bon\u00e9s em  Cuiab\u00e1 MT"},"content":{"rendered":"<p>[vc_row][vc_column][vc_tta_accordion style=&#8221;modern&#8221; shape=&#8221;square&#8221; color=&#8221;white&#8221; c_icon=&#8221;&#8221; active_section=&#8221;0&#8243; collapsible_all=&#8221;true&#8221; estilo=&#8221;flat&#8221; forma=&#8221;quadrado&#8221;][vc_tta_section title=&#8221;Fornecedor de bon\u00e9s&#8221; tab_id=&#8221;saiba-mais&#8221;][vc_column_text]<\/p>\n<h2>Fornecedor de bon\u00e9s em  Cuiab\u00e1 MT<\/h2>\n<p><span style=\"vertical-align: inherit;\"><span style=\"vertical-align: inherit;\"><span style=\"vertical-align: inherit;\"><span style=\"vertical-align: inherit;\"><span style=\"vertical-align: inherit;\"><span style=\"vertical-align: inherit;\"><span style=\"vertical-align: inherit;\"><span style=\"vertical-align: inherit;\">Voc\u00ea sabe onde encontrar Fornecedor de bon\u00e9s em  Cuiab\u00e1 MT<\/span><\/span><\/span><\/span><\/span><\/span><\/span><\/span><span style=\"vertical-align: inherit;\"><span style=\"vertical-align: inherit;\"><span style=\"vertical-align: inherit;\"><span style=style=\"vertical-align: inherit;\"><span style=\"vertical-align: inherit;\"><span style=\"vertical-align: inherit;\"><span style=\"vertical-align: inherit;\">? Certamente n\u00f3s podemos lhe ajudar.<\/span><\/span><\/span><\/span><\/span><\/span><\/span><\/span><\/p>\n<p><span style=\"vertical-align: inherit;\"><span style=\"vertical-align: inherit;\"><span style=\"vertical-align: inherit;\"><span style=\"vertical-align: inherit;\"><span style=\"vertical-align: inherit;\"><span style=\"vertical-align: inherit;\"><span style=\"vertical-align: inherit;\"><span style=\"vertical-align: inherit;\">Produzimos para grandes marcas principalmente <a href=\"https:\/\/kyoodai.com.br\/produtos-para-marcas\/\/\">bon\u00e9s private label<\/a>, com isso, nos tornamos referencia em bon\u00e9s premium com alto padr\u00e3o de qualidade.<\/span><\/span><\/span><\/span><\/span><\/span><\/span><\/span><\/p>\n<p><span style=\"vertical-align: inherit;\"><span style=\"vertical-align: inherit;\"><span style=\"vertical-align: inherit;\"><span style=\"vertical-align: inherit;\"><span style=\"vertical-align: inherit;\"><span style=\"vertical-align: inherit;\"><span style=\"vertical-align: inherit;\"><span style=\"vertical-align: inherit;\">Cada produto tratamos como \u00fanico, assim damso liberdade para nossos clientes solicitar seu bon\u00e9 conforme necessidade.<\/span><\/span><\/span><\/span><\/span><\/span><\/span><\/span><\/p>\n<p><span style=\"vertical-align: inherit;\"><span style=\"vertical-align: inherit;\"><span style=\"vertical-align: inherit;\"><span style=\"vertical-align: inherit;\"><span style=\"vertical-align: inherit;\"><span style=\"vertical-align: inherit;\"><span style=\"vertical-align: inherit;\"><span style=\"vertical-align: inherit;\">Grandes marcas se tornaram nossos parceiros, Pura Mania, Coca Cola, Triton, John John, Made In Mato, s\u00e3o alguns de nossos clientes.<\/span><\/span><\/span><\/span><\/span><\/span><\/span><\/span><\/p>\n<p>&nbsp;<\/p>\n<h2><span style=\"vertical-align: inherit;\"><span style=\"vertical-align: inherit;\"><span style=\"vertical-align: inherit;\"><span style=\"vertical-align: inherit;\"><span style=\"vertical-align: inherit;\"><span style=\"vertical-align: inherit;\"><span style=\"vertical-align: inherit;\"><span style=\"vertical-align: inherit;\">Porque somos somos um fornecedor de bon\u00e9s com qualidade?<\/span><\/span><\/span><\/span><\/span><\/span><\/span><\/span><\/h2>\n<p><span style=\"vertical-align: inherit;\"><span style=\"vertical-align: inherit;\"><span style=\"vertical-align: inherit;\"><span style=\"vertical-align: inherit;\"><span style=\"vertical-align: inherit;\"><span style=\"vertical-align: inherit;\"><span style=\"vertical-align: inherit;\"><span style=\"vertical-align: inherit;\">Investimos em capacita\u00e7\u00e3o de nossos colaboradores, com isso, cada processo \u00e9 realizado com o m\u00e1ximo de carinho e dedica\u00e7\u00e3o. Al\u00e9m disso, cada processo \u00e9 acompanhado e avaliado para manter a qualidade.<\/span><\/span><\/span><\/span><\/span><\/span><\/span><\/span><\/p>\n<p><span style=\"vertical-align: inherit;\"><span style=\"vertical-align: inherit;\"><span style=\"vertical-align: inherit;\"><span style=\"vertical-align: inherit;\"><span style=\"vertical-align: inherit;\"><span style=\"vertical-align: inherit;\"><span style=\"vertical-align: inherit;\"><span style=\"vertical-align: inherit;\">Vamos muito al\u00e9m de produzir bon\u00e9s personalizados, pois tamb\u00e9m orientamos nossos clientes para melhor escolha. <\/span><\/span><\/span><\/span><\/span><\/span><\/span><\/span><\/p>\n<p><span style=\"vertical-align: inherit;\"><span style=\"vertical-align: inherit;\"><span style=\"vertical-align: inherit;\"><span style=\"vertical-align: inherit;\"><span style=\"vertical-align: inherit;\"><span style=\"vertical-align: inherit;\"><span style=\"vertical-align: inherit;\"><span style=\"vertical-align: inherit;\">Dessa forma, as chances de obter sucesso s\u00e3o muito maiores, isso entendemos de t\u00eandencias, tecidos mais utilizados, estampas em alta, modelos, etc.<\/span><\/span><\/span><\/span><\/span><\/span><\/span><\/span><\/p>\n<p><span style=\"vertical-align: inherit;\"><span style=\"vertical-align: inherit;\"><span style=\"vertical-align: inherit;\"><span style=\"vertical-align: inherit;\"><span style=\"vertical-align: inherit;\"><span style=\"vertical-align: inherit;\"><span style=\"vertical-align: inherit;\"><span style=\"vertical-align: inherit;\">Tamb\u00e9m nos especializamos em bon\u00e9s promocionais, conhecidos como corporativo, bon\u00e9s para evento, ou mesmo, bon\u00e9s para presentear clientes.<\/span><\/span><\/span><\/span><\/span><\/span><\/span><\/span><\/p>\n<p><span style=\"vertical-align: inherit;\"><span style=\"vertical-align: inherit;\"><span style=\"vertical-align: inherit;\"><span style=\"vertical-align: inherit;\"><span style=\"vertical-align: inherit;\"><span style=\"vertical-align: inherit;\"><span style=\"vertical-align: inherit;\"><span style=\"vertical-align: inherit;\">Diferente de nossos concorrentes, contamos com um cat\u00e1logo completo, s\u00e3o mais de cem modelos de bon\u00e9s, isso sem destacar os diversos modelos de aba.<\/span><\/span><\/span><\/span><\/span><\/span><\/span><\/span><\/p>\n<p><span style=\"vertical-align: inherit;\"><span style=\"vertical-align: inherit;\"><span style=\"vertical-align: inherit;\"><span style=\"vertical-align: inherit;\"><span style=\"vertical-align: inherit;\"><span style=\"vertical-align: inherit;\"><span style=\"vertical-align: inherit;\"><span style=\"vertical-align: inherit;\">Substituir por: Fornecemos bon\u00e9s para todas as regi\u00f5es e cidades do Brasil, desta forma, se sua necessidade \u00e9 <strong>Fornecedor de bon\u00e9s em  Cuiab\u00e1 MT<\/strong><\/span><\/span><\/span><\/span><\/span><\/span><\/span><\/span><span style=\"vertical-align: inherit;\"><span style=inherit;\"><span style=\"vertical-align: inherit;\"><span style=\"vertical-align: inherit;\"><span style=\"vertical-align: inherit;\"><span style=\"vertical-align: inherit;\"><span style=\"vertical-align: inherit;\"><span style=\"vertical-align: inherit;\">, produzimos para voc\u00ea.<\/span><\/span><\/span><\/span><\/span><\/span><\/span><\/span><\/p>\n<p><span style=\"vertical-align: inherit;\"><span style=\"vertical-align: inherit;\"><span style=\"vertical-align: inherit;\"><span style=\"vertical-align: inherit;\"><span style=\"vertical-align: inherit;\"><span style=\"vertical-align: inherit;\"><span style=\"vertical-align: inherit;\"><span style=\"vertical-align: inherit;\">Somos um dos poucos fornecedores de<\/span><\/span><\/span><\/span><\/span><\/span><\/span><\/span><a href=\"http:\/\/www.lagel.com.br\"><span style=\"vertical-align: inherit;\"><span style=\"vertical-align: inherit;\"><span style=inherit;\"><span style=\"vertical-align: inherit;\"><span style=\"vertical-align: inherit;\"><span style=\"vertical-align: inherit;\"><span style=\"vertical-align: inherit;\"><span style=\"vertical-align: inherit;\">bon\u00e9s personalizados<\/span><\/span><\/span><\/span><\/span><\/span><\/span><\/span><\/a><span style=\"vertical-align: inherit;\"><span style=\"vertical-align: inherit;\"><span style=\"vertical-align: inherit;\"><span style=\"vertical-align: inherit;\"><span style=\"vertical-align: inherit;\"><span style=\"vertical-align: inherit;\"><span style=\"vertical-align: inherit;\"><span style=\"vertical-align: inherit;\"> a desenvolver um simulador de bon\u00e9s com caracter\u00edsticas reais, assim \u00e9 poss\u00edvel ver como o produto vai ficar depois de pronto.<\/span><\/span><\/span><\/span><\/span><\/span><\/span><\/span><\/p>\n<p><span style=\"vertical-align: inherit;\"><span style=\"vertical-align: inherit;\"><span style=\"vertical-align: inherit;\"><span style=\"vertical-align: inherit;\"><span style=\"vertical-align: inherit;\"><span style=\"vertical-align: inherit;\"><span style=\"vertical-align: inherit;\"><span style=\"vertical-align: inherit;\">Nosso maior compromisso \u00e9 produzir com alto n\u00edvel paa todos os publicos.<\/span><\/span><\/span><\/span><\/span><\/span><\/span><\/span><\/p>\n<p><span style=\"vertical-align: inherit;\"><span style=\"vertical-align: inherit;\"><span style=\"vertical-align: inherit;\"><span style=\"vertical-align: inherit;\"><span style=\"vertical-align: inherit;\"><span style=\"vertical-align: inherit;\"><span style=\"vertical-align: inherit;\"><span style=\"vertical-align: inherit;\">Desta forma, estamos sempre investindo em capacita\u00e7\u00e3o de nossos colaboradores, novas tecnologias e mat\u00e9ria-prima de qualidade.<\/span><\/span><\/span><\/span><\/span><\/span><\/span><\/span><\/p>\n<p>&nbsp;<\/p>\n<h2><span style=\"vertical-align: inherit;\"><span style=\"vertical-align: inherit;\"><span style=\"vertical-align: inherit;\"><span style=\"vertical-align: inherit;\"><span style=\"vertical-align: inherit;\"><span style=\"vertical-align: inherit;\"><span style=\"vertical-align: inherit;\"><span style=\"vertical-align: inherit;\">Qual a difer\u00ean\u00e7a entre bon\u00e9s para marca e promocional?<\/span><\/span><\/span><\/span><\/span><\/span><\/span><\/span><\/h2>\n<p><span style=\"vertical-align: inherit;\"><span style=\"vertical-align: inherit;\"><span style=\"vertical-align: inherit;\"><span style=\"vertical-align: inherit;\"><span style=\"vertical-align: inherit;\"><span style=\"vertical-align: inherit;\"><span style=\"vertical-align: inherit;\"><span style=\"vertical-align: inherit;\">Os bon\u00e9s para marcas, geralmente s\u00e3o mais elaborados, pensados para um p\u00fablico espec\u00edfico, j\u00e1 <\/span><\/span><\/span><\/span><\/span><\/span><\/span><\/span><a href=\"http:\/\/www.lagel.com.br\"><span style=\"vertical-align: inherit;\"><span style=\"vertical-<\/span><\/span><\/span><\/span><\/span><\/span><\/span><\/span><\/p>\n<p><span style=\"vertical-align: inherit;\"><span style=\"vertical-align: inherit;\"><span style=\"vertical-align: inherit;\"><span style=\"vertical-align: inherit;\"><span style=\"vertical-align: inherit;\"><span style=\"vertical-align: inherit;\"><span style=\"vertical-align: inherit;\"><span style=\"vertical-align: inherit;\">Produzimos para grandes empresas em todo Brasil, desta forma,voc\u00ea pode confiar a n\u00f3s a produ\u00e7\u00e3o de seus bon\u00e9s.<\/span><\/span><\/span><\/span><\/span><\/span><\/span><\/span><\/p>\n<p><span style=\"vertical-align: inherit;\"><span style=\"vertical-align: inherit;\"><span style=\"vertical-align: inherit;\"><span style=\"vertical-align: inherit;\"><span style=\"vertical-align: inherit;\"><span style=\"vertical-align: inherit;\"><span style=\"vertical-align: inherit;\"><span style=\"vertical-align: inherit;\">S\u00e3o nossos clientes, Chevrolet, Sadia, Perdig\u00e3o, Acer, HP, entre outros.<\/span><\/span><\/span><\/span><\/span><\/span><\/span><\/span><\/p>\n<p><span style=\"vertical-align: inherit;\"><span style=\"vertical-align: inherit;\"><span style=\"vertical-align: inherit;\"><span style=\"vertical-align: inherit;\"><span style=\"vertical-align: inherit;\"><span style=\"vertical-align: inherit;\"><span style=\"vertical-align: inherit;\"><span style=\"vertical-align: inherit;\">Agora que voc\u00ea sabe onde <\/span><\/span><\/span><\/span><\/span><\/span><\/span><\/span><a href=\"https:\/\/kyoodai.com.br\/\"><span style=\"vertical-align: inherit;\"><span style=\"vertical-align: inherit;\"><span style=\"vertical-align: \"><span style=\"vertical-align: inherit;\"><span style=\"vertical-align: inherit;\"><span style=\"vertical-align: inherit;\"><span style=\"vertical-align: inherit;\"><span style=\"vertical-align: inherit;\">bon\u00e9s com qualidade<\/span><\/span><\/span><\/span><\/span><\/span><\/span><\/span><\/a><span style=\"vertical-align: inherit;\"><span style=\"vertical-align: inherit;\"><span style=\"vertical-align: inherit;\"><span style=\"vertical-align: inherit;\"><span style=\"vertical-align: inherit;\"><span style=\"vertical-align: inherit;\"><span style=\"vertical-align: inherit;\"><span style=\"vertical-align: inherit;\">?<\/span><\/span><\/span><\/span><\/span><\/span><\/span><\/span><\/p>\n<p><span style=\"vertical-align: inherit;\"><span style=\"vertical-align: inherit;\"><span style=\"vertical-align: inherit;\"><span style=\"vertical-align: inherit;\"><span style=\"vertical-align: inherit;\"><span style=\"vertical-align: inherit;\"><span style=\"vertical-align: inherit;\"><span style=\"vertical-align: inherit;\">Trabalhamos durante cinco dias na semana, assim voc\u00ea pode nos fazer uma visita e conhece melhor nossos produtos e equipe.<\/span><\/span><\/span><\/span><\/span><\/span><\/span><\/span><\/p>\n<p><span style=\"vertical-align: inherit;\"><span style=\"vertical-align: inherit;\"><span style=\"vertical-align: inherit;\"><span style=\"vertical-align: inherit;\"><span style=\"vertical-align: inherit;\"><span style=\"vertical-align: inherit;\"><span style=\"vertical-align: inherit;\"><span style=\"vertical-align: inherit;\">Certamente voc\u00ea vai se supreender, assim podemos nos tornar grandes parceiros.<\/span><\/span><\/span><\/span><\/span><\/span><\/span><\/span>[\/vc_column_text][\/vc_tta_section][\/vc_tta_accordion][vc_empty_space height=&#8221;50px&#8221;][vc_column_text]<\/p>\n<h2 style=\"text-align: center;\"><span style=\"color: #000000;\">BON\u00c9S QUE FABRICAMOS<\/span><\/h2>\n<p style=\"text-align: center;\"><span style=\"color: #000000;\">Confira alguns dos exemplos que produzimos e personalizamos para nossos clientes.<\/span><\/p>\n<p>[\/vc_column_text][vc_empty_space height=&#8221;50px&#8221;][vc_row_inner][vc_column_inner width=&#8221;1\/3&#8243;][vc_single_image image=&#8221;28316&#8243; img_size=&#8221;large&#8221; alignment=&#8221;center&#8221; onclick=&#8221;custom_link&#8221; title=&#8221;Bon\u00e9 trucker preto de tela&#8221; link=&#8221;https:\/\/hurdle.com.br\/produtos\/&#8221;][\/vc_column_inner][vc_column_inner width=&#8221;1\/3&#8243;][vc_single_image image=&#8221;28314&#8243; img_size=&#8221;large&#8221; alignment=&#8221;center&#8221; onclick=&#8221;custom_link&#8221; title=&#8221;Bon\u00e9 caminhoneiro country&#8221; link=&#8221;https:\/\/hurdle.com.br\/produtos\/&#8221;][\/vc_column_inner][vc_column_inner width=&#8221;1\/3&#8243;][vc_single_image image=&#8221;28310&#8243; img_size=&#8221;large&#8221; alignment=&#8221;center&#8221; onclick=&#8221;custom_link&#8221; title=&#8221;Bon\u00e9 trucker animal print&#8221; link=&#8221;https:\/\/hurdle.com.br\/produtos\/&#8221;][\/vc_column_inner][\/vc_row_inner][vc_row_inner][vc_column_inner width=&#8221;1\/3&#8243;][vc_single_image image=&#8221;28305&#8243; img_size=&#8221;large&#8221; alignment=&#8221;center&#8221; onclick=&#8221;custom_link&#8221; title=&#8221;Bon\u00e9 basebol aba curva&#8221; link=&#8221;https:\/\/hurdle.com.br\/produtos\/&#8221;][\/vc_column_inner][vc_column_inner width=&#8221;1\/3&#8243;][vc_single_image image=&#8221;28307&#8243; img_size=&#8221;large&#8221; alignment=&#8221;center&#8221; onclick=&#8221;custom_link&#8221; title=&#8221;Bon\u00e9 dad hat bordado&#8221; link=&#8221;https:\/\/hurdle.com.br\/produtos\/&#8221;][\/vc_column_inner][vc_column_inner width=&#8221;1\/3&#8243;][vc_single_image image=&#8221;28308&#8243; img_size=&#8221;large&#8221; alignment=&#8221;center&#8221; onclick=&#8221;custom_link&#8221; title=&#8221;Bon\u00e9 flex de gorgur\u00e3o&#8221; link=&#8221;https:\/\/hurdle.com.br\/produtos\/&#8221;][\/vc_column_inner][\/vc_row_inner][vc_row_inner][vc_column_inner width=&#8221;1\/3&#8243;][vc_single_image image=&#8221;28315&#8243; img_size=&#8221;large&#8221; alignment=&#8221;center&#8221; onclick=&#8221;custom_link&#8221; title=&#8221;Bon\u00e9 trucker sublimado&#8221; link=&#8221;https:\/\/hurdle.com.br\/produtos\/&#8221;][\/vc_column_inner][vc_column_inner width=&#8221;1\/3&#8243;][vc_single_image image=&#8221;28306&#8243; img_size=&#8221;large&#8221; alignment=&#8221;center&#8221; onclick=&#8221;custom_link&#8221; title=&#8221;Bon\u00e9 de tela bordado&#8221; link=&#8221;https:\/\/hurdle.com.br\/produtos\/&#8221;][\/vc_column_inner][vc_column_inner width=&#8221;1\/3&#8243;][vc_single_image image=&#8221;28312&#8243; img_size=&#8221;large&#8221; alignment=&#8221;center&#8221; onclick=&#8221;custom_link&#8221; title=&#8221;Bon\u00e9 country de palha&#8221; link=&#8221;https:\/\/hurdle.com.br\/produtos\/&#8221;][\/vc_column_inner][\/vc_row_inner][vc_empty_space][vc_btn title=&#8221;VER TODOS PRODUTOS&#8221; style=&#8221;classic&#8221; shape=&#8221;square&#8221; color=&#8221;black&#8221; size=&#8221;lg&#8221; align=&#8221;center&#8221; button_block=&#8221;true&#8221; link=&#8221;url:https%3A%2F%2Fhurdle.com.br%2Fprodutos%2F|title:Bon%C3%A9s%20para%20marcas%20e%20promocionais%20personalizados&#8221;][\/vc_column][\/vc_row]<\/p>\n","protected":false},"excerpt":{"rendered":"<p>[vc_row][vc_column][vc_tta_accordion style=&#8221;modern&#8221; shape=&#8221;square&#8221; color=&#8221;white&#8221; c_icon=&#8221;&#8221; active_section=&#8221;0&#8243; collapsible_all=&#8221;true&#8221; estilo=&#8221;flat&#8221; forma=&#8221;quadrado&#8221;][vc_tta_section title=&#8221;Fornecedor de bon\u00e9s&#8221; tab_id=&#8221;saiba-mais&#8221;][vc_column_text] Voc\u00ea sabe onde encontrar ? Certamente n\u00f3s podemos lhe ajudar. Produzimos para grandes marcas principalmente bon\u00e9s private label, com isso, nos tornamos referencia em bon\u00e9s premium com alto padr\u00e3o de qualidade. Cada produto tratamos como \u00fanico, assim damso liberdade para nossos clientes&hellip;<\/p>\n","protected":false},"author":1,"featured_media":0,"parent":0,"menu_order":0,"comment_status":"closed","ping_status":"open","template":"","meta":[],"yoast_head":"<!-- This site is optimized with the Yoast SEO plugin v15.8 - https:\/\/yoast.com\/wordpress\/plugins\/seo\/ -->\n<title>Fornecedor de bon\u00e9s em Cuiab\u00e1 MT - Hurdle<\/title>\n<meta name=\"description\" content=\"Fornecedor de bon\u00e9s em Cuiab\u00e1 MT- Hurdle f\u00e1brica de bon\u00e9s personalizados com alto padr\u00e3o de qualidade. Somos um dos principais fornecedor de bon\u00e9s no Brasil.\" \/>\n<meta name=\"robots\" content=\"index, follow, max-snippet:-1, max-image-preview:large, max-video-preview:-1\" \/>\n<link rel=\"canonical\" href=\"https:\/\/hurdle.com.br\/fornecedor\/fornecedor-de-bones-em-cuiaba-mt\/\" \/>\n<meta property=\"og:locale\" content=\"pt_BR\" \/>\n<meta property=\"og:type\" content=\"article\" \/>\n<meta property=\"og:title\" content=\"Fornecedor de bon\u00e9s em Cuiab\u00e1 MT - Hurdle\" \/>\n<meta property=\"og:description\" content=\"Fornecedor de bon\u00e9s em Cuiab\u00e1 MT- Hurdle f\u00e1brica de bon\u00e9s personalizados com alto padr\u00e3o de qualidade. Somos um dos principais fornecedor de bon\u00e9s no Brasil.\" \/>\n<meta property=\"og:url\" content=\"https:\/\/hurdle.com.br\/fornecedor\/fornecedor-de-bones-em-cuiaba-mt\/\" \/>\n<meta property=\"og:site_name\" content=\"Hurdle\" \/>\n<meta property=\"article:modified_time\" content=\"2021-02-08T17:12:29+00:00\" \/>\n<meta name=\"twitter:card\" content=\"summary_large_image\" \/>\n<meta name=\"twitter:label1\" content=\"Est. reading time\">\n\t<meta name=\"twitter:data1\" content=\"2 minutos\">\n<script type=\"application\/ld+json\" class=\"yoast-schema-graph\">{\"@context\":\"https:\/\/schema.org\",\"@graph\":[{\"@type\":\"WebSite\",\"@id\":\"https:\/\/hurdle.com.br\/fornecedor\/#website\",\"url\":\"https:\/\/hurdle.com.br\/fornecedor\/\",\"name\":\"Hurdle\",\"description\":\"Bon\\u00e9s personalizados de qualidade\",\"potentialAction\":[{\"@type\":\"SearchAction\",\"target\":\"https:\/\/hurdle.com.br\/fornecedor\/?s={search_term_string}\",\"query-input\":\"required name=search_term_string\"}],\"inLanguage\":\"pt-BR\"},{\"@type\":\"WebPage\",\"@id\":\"https:\/\/hurdle.com.br\/fornecedor\/fornecedor-de-bones-em-cuiaba-mt\/#webpage\",\"url\":\"https:\/\/hurdle.com.br\/fornecedor\/fornecedor-de-bones-em-cuiaba-mt\/\",\"name\":\"Fornecedor de bon\\u00e9s em Cuiab\\u00e1 MT - Hurdle\",\"isPartOf\":{\"@id\":\"https:\/\/hurdle.com.br\/fornecedor\/#website\"},\"datePublished\":\"2020-06-01T18:28:48+00:00\",\"dateModified\":\"2021-02-08T17:12:29+00:00\",\"description\":\"Fornecedor de bon\\u00e9s em Cuiab\\u00e1 MT- Hurdle f\\u00e1brica de bon\\u00e9s personalizados com alto padr\\u00e3o de qualidade. Somos um dos principais fornecedor de bon\\u00e9s no Brasil.\",\"breadcrumb\":{\"@id\":\"https:\/\/hurdle.com.br\/fornecedor\/fornecedor-de-bones-em-cuiaba-mt\/#breadcrumb\"},\"inLanguage\":\"pt-BR\",\"potentialAction\":[{\"@type\":\"ReadAction\",\"target\":[\"https:\/\/hurdle.com.br\/fornecedor\/fornecedor-de-bones-em-cuiaba-mt\/\"]}]},{\"@type\":\"BreadcrumbList\",\"@id\":\"https:\/\/hurdle.com.br\/fornecedor\/fornecedor-de-bones-em-cuiaba-mt\/#breadcrumb\",\"itemListElement\":[{\"@type\":\"ListItem\",\"position\":1,\"item\":{\"@type\":\"WebPage\",\"@id\":\"https:\/\/hurdle.com.br\/fornecedor\/\",\"url\":\"https:\/\/hurdle.com.br\/fornecedor\/\",\"name\":\"In\\u00edcio\"}},{\"@type\":\"ListItem\",\"position\":2,\"item\":{\"@type\":\"WebPage\",\"@id\":\"https:\/\/hurdle.com.br\/fornecedor\/fornecedor-de-bones-em-cuiaba-mt\/\",\"url\":\"https:\/\/hurdle.com.br\/fornecedor\/fornecedor-de-bones-em-cuiaba-mt\/\",\"name\":\"Fornecedor de bon\\u00e9s em Cuiab\\u00e1 MT\"}}]}]}<\/script>\n<!-- \/ Yoast SEO plugin. -->","_links":{"self":[{"href":"https:\/\/hurdle.com.br\/fornecedor\/wp-json\/wp\/v2\/pages\/11806"}],"collection":[{"href":"https:\/\/hurdle.com.br\/fornecedor\/wp-json\/wp\/v2\/pages"}],"about":[{"href":"https:\/\/hurdle.com.br\/fornecedor\/wp-json\/wp\/v2\/types\/page"}],"author":[{"embeddable":true,"href":"https:\/\/hurdle.com.br\/fornecedor\/wp-json\/wp\/v2\/users\/1"}],"replies":[{"embeddable":true,"href":"https:\/\/hurdle.com.br\/fornecedor\/wp-json\/wp\/v2\/comments?post=11806"}],"version-history":[{"count":0,"href":"https:\/\/hurdle.com.br\/fornecedor\/wp-json\/wp\/v2\/pages\/11806\/revisions"}],"wp:attachment":[{"href":"https:\/\/hurdle.com.br\/fornecedor\/wp-json\/wp\/v2\/media?parent=11806"}],"curies":[{"name":"wp","href":"https:\/\/api.w.org\/{rel}","templated":true}]}}