{"id":13231,"date":"2020-06-01T15:40:54","date_gmt":"2020-06-01T18:40:54","guid":{"rendered":"https:\/\/hurdle.com.br\/cidades\/bones-personalizados-em-boa-ventura-de-sao-roque-pr\/"},"modified":"2021-02-08T15:12:42","modified_gmt":"2021-02-08T17:12:42","slug":"bones-personalizados-em-boa-ventura-de-sao-roque-pr","status":"publish","type":"page","link":"https:\/\/hurdle.com.br\/cidades\/bones-personalizados-em-boa-ventura-de-sao-roque-pr\/","title":{"rendered":"Bon\u00e9s personalizados em Boa Ventura de S\u00e3o Roque PR"},"content":{"rendered":"<p>[vc_row][vc_column][vc_tta_accordion style=&#8221;modern&#8221; shape=&#8221;square&#8221; color=&#8221;white&#8221; c_icon=&#8221;&#8221; active_section=&#8221;0&#8243; collapsible_all=&#8221;true&#8221; estilo=&#8221;flat&#8221; forma=&#8221;quadrado&#8221;][vc_tta_section title=&#8221;Bon\u00e9s personalizados&#8221; tab_id=&#8221;1542629208429-b7f0b1e7-245e&#8221;][vc_column_text]<\/p>\n<h2>Bon\u00e9s personalizados em Boa Ventura de S\u00e3o Roque PR<\/h2>\n<p><span style=\"vertical-align: inherit;\"><span style=\"vertical-align: inherit;\"><span style=\"vertical-align: inherit;\"><span style=\"vertical-align: inherit;\"><span style=\"vertical-align: inherit;\"><span style=\"vertical-align: inherit;\"><span style=\"vertical-align: inherit;\"><span style=\"vertical-align: inherit;\">Procurando por Bon\u00e9s personalizados em Boa Ventura de S\u00e3o Roque PR<\/span><\/span><\/span><\/span><\/span><\/span><\/span><\/span><span style=\"vertical-align: inherit;\"><span style=\"vertical-align: inherit;\"><span style=\"vertical-align: inherit;\"><span style=\"vertical-align: inherit;\"><span style=\"vertical-align: inherit;\"><span style=\"vertical-align: inherit;\"><span style=\"vertical-align: inherit;\"><span style=\"vertical-align: inherit;\">? Certamente n\u00f3s podemos lhe ajudar.<\/span><\/span><\/span><\/span><\/span><\/span><\/span><\/span><\/p>\n<p><span style=\"vertical-align: inherit;\"><span style=\"vertical-align: inherit;\"><span style=\"vertical-align: inherit;\"><span style=\"vertical-align: inherit;\"><span style=\"vertical-align: inherit;\"><span style=\"vertical-align: inherit;\"><span style=\"vertical-align: inherit;\"><span style=\"vertical-align: inherit;\">Isso porque fabricamos e <a href=\"https:\/\/hurdle.com.br\/cidades\/produtos\/\">personalizamos bon\u00e9s<\/a> para marcas de todo Brasil, al\u00e9m disso, somos refer\u00eancia em qualidade e inova\u00e7\u00e3o.<\/span><\/span><\/span><\/span><\/span><\/span><\/span><\/span><\/p>\n<p><span style=\"vertical-align: inherit;\"><span style=\"vertical-align: inherit;\"><span style=\"vertical-align: inherit;\"><span style=\"vertical-align: inherit;\"><span style=\"vertical-align: inherit;\"><span style=\"vertical-align: inherit;\"><span style=\"vertical-align: inherit;\"><span style=\"vertical-align: inherit;\">Estamos h\u00e1 mais de 20 anos no mercado de confec\u00e7\u00e3o, provavelmente voc\u00ea conhe\u00e7a nossos produtos, pois fabricamos para grandes marcas.<\/span><\/span><\/span><\/span><\/span><\/span><\/span><\/span><\/p>\n<p><span style=\"vertical-align: inherit;\"><span style=\"vertical-align: inherit;\"><span style=\"vertical-align: inherit;\"><span style=\"vertical-align: inherit;\"><span style=\"vertical-align: inherit;\"><span style=\"vertical-align: inherit;\"><span style=\"vertical-align: inherit;\"><span style=\"vertical-align: inherit;\">Red Bull, Carmim, Levi\u00b4s, Morena Rosa, s\u00e3o alguns de nossos clientes, mas acima de tudo parceiros.<\/span><\/span><\/span><\/span><\/span><\/span><\/span><\/span><\/p>\n<p>&nbsp;<\/p>\n<h2><span style=\"vertical-align: inherit;\"><span style=\"vertical-align: inherit;\"><span style=\"vertical-align: inherit;\"><span style=\"vertical-align: inherit;\"><span style=\"vertical-align: inherit;\"><span style=\"vertical-align: inherit;\"><span style=\"vertical-align: inherit;\"><span style=\"vertical-align: inherit;\">Porque produzir e personalizar seus bon\u00e9s conosco?<\/span><\/span><\/span><\/span><\/span><\/span><\/span><\/span><\/h2>\n<p><span style=\"vertical-align: inherit;\"><span style=\"vertical-align: inherit;\"><span style=\"vertical-align: inherit;\"><span style=\"vertical-align: inherit;\"><span style=\"vertical-align: inherit;\"><span style=\"vertical-align: inherit;\"><span style=\"vertical-align: inherit;\"><span style=\"vertical-align: inherit;\">Porque somos bons em que fazemos, al\u00e9m disso, investimos em tecnologias nunca vistas e capacita\u00e7\u00e3o de nossos colaboradores.<\/span><\/span><\/span><\/span><\/span><\/span><\/span><\/span><\/p>\n<p><span style=\"vertical-align: inherit;\"><span style=\"vertical-align: inherit;\"><span style=\"vertical-align: inherit;\"><span style=\"vertical-align: inherit;\"><span style=\"vertical-align: inherit;\"><span style=\"vertical-align: inherit;\"><span style=\"vertical-align: inherit;\"><span style=\"vertical-align: inherit;\">Contamos com uma equipe preparada para atender cada estilo, assim orientamos no desenvolvimento e escolha do melhor produto para sua marca.<\/span><\/span><\/span><\/span><\/span><\/span><\/span><\/span><\/p>\n<p><span style=\"vertical-align: inherit;\"><span style=\"vertical-align: inherit;\"><span style=\"vertical-align: inherit;\"><span style=\"vertical-align: inherit;\"><span style=\"vertical-align: inherit;\"><span style=\"vertical-align: inherit;\"><span style=\"vertical-align: inherit;\"><span style=\"vertical-align: inherit;\">Como resultado voc\u00ea tem um produto inovador, com qualidade, \u00fanico, al\u00e9m de aumentar suas chances em obter sucesso com sua marca.<\/span><\/span><\/span><\/span><\/span><\/span><\/span><\/span><\/p>\n<p><span style=\"vertical-align: inherit;\"><span style=\"vertical-align: inherit;\"><span style=\"vertical-align: inherit;\"><span style=\"vertical-align: inherit;\"><span style=\"vertical-align: inherit;\"><span style=\"vertical-align: inherit;\"><span style=\"vertical-align: inherit;\"><span style=\"vertical-align: inherit;\">Todos os dias novas marcas surgem no mercado, por essa ras\u00e3o \u00e9 preciso inovar e estar sempre a frente de seus concorrentes.<\/span><\/span><\/span><\/span><\/span><\/span><\/span><\/span><\/p>\n<p><span style=\"vertical-align: inherit;\"><span style=\"vertical-align: inherit;\"><span style=\"vertical-align: inherit;\"><span style=\"vertical-align: inherit;\"><span style=\"vertical-align: inherit;\"><span style=\"vertical-align: inherit;\"><span style=\"vertical-align: inherit;\"><span style=\"vertical-align: inherit;\">Pensando nisso, contamos com um portf\u00f3lio com mais de cem modelos de bon\u00e9s, trinta modelos de aba, entre elas retas e curvas.<\/span><\/span><\/span><\/span><\/span><\/span><\/span><\/span><\/p>\n<p><span style=\"vertical-align: inherit;\"><span style=\"vertical-align: inherit;\"><span style=\"vertical-align: inherit;\"><span style=\"vertical-align: inherit;\"><span style=\"vertical-align: inherit;\"><span style=\"vertical-align: inherit;\"><span style=\"vertical-align: inherit;\"><span style=\"vertical-align: inherit;\">Para n\u00f3s a distancia n\u00e3o \u00e9 obst\u00e1culos, pois entregamos para todo Brasil, assim se voc\u00ea busca <strong>Bon\u00e9s personalizados em Boa Ventura de S\u00e3o Roque PR<\/strong><\/span><\/span><\/span><\/span><\/span><\/span><\/span><\/span><span style=\"vertical-align: inherit;\"><span style=\"vertical-align: inherit;\"><span style=\"vertical-align: inherit;\"><span style=\"vertical-align: inherit;\"><span style=\"vertical-align: inherit;\"><span style=\"vertical-align: inherit;\"><span style=\"vertical-align: inherit;\"><span style=\"vertical-align: inherit;\">, produzimos para voc\u00ea.<\/span><\/span><\/span><\/span><\/span><\/span><\/span><\/span><\/p>\n<p><span style=\"vertical-align: inherit;\"><span style=\"vertical-align: inherit;\"><span style=\"vertical-align: inherit;\"><span style=\"vertical-align: inherit;\"><span style=\"vertical-align: inherit;\"><span style=\"vertical-align: inherit;\"><span style=\"vertical-align: inherit;\"><span style=\"vertical-align: inherit;\">Somos a primeira e \u00fanica f\u00e1brica de <\/span><\/span><\/span><\/span><\/span><\/span><\/span><\/span><a href=\"http:\/\/www.hezzitubones.com.br\"><span style=\"vertical-align: inherit;\"><span style=\"vertical-align: inherit;\"><span style=\"vertical-align: inherit;\"><span style=\"vertical-align: inherit;\"><span style=\"vertical-align: inherit;\"><span style=\"vertical-align: inherit;\"><span style=\"vertical-align: inherit;\"><span style=\"vertical-align: inherit;\">bon\u00e9s personalizados<\/span><\/span><\/span><\/span><\/span><\/span><\/span><\/span><\/a><span style=\"vertical-align: inherit;\"><span style=\"vertical-align: inherit;\"><span style=\"vertical-align: inherit;\"><span style=\"vertical-align: inherit;\"><span style=\"vertical-align: inherit;\"><span style=\"vertical-align: inherit;\"><span style=\"vertical-align: inherit;\"><span style=\"vertical-align: inherit;\"> a desenvolver um simulador de bon\u00e9s com caracter\u00edsticas reais, assim \u00e9 poss\u00edvel ver como o produto vai ficar depois de pronto.<\/span><\/span><\/span><\/span><\/span><\/span><\/span><\/span><\/p>\n<p><span style=\"vertical-align: inherit;\"><span style=\"vertical-align: inherit;\"><span style=\"vertical-align: inherit;\"><span style=\"vertical-align: inherit;\"><span style=\"vertical-align: inherit;\"><span style=\"vertical-align: inherit;\"><span style=\"vertical-align: inherit;\"><span style=\"vertical-align: inherit;\">Sabemos que \u00e9 importante ter qualidade, pre\u00e7o, prazo de entrega, mas acima de tudo entender nossos clientes.<\/span><\/span><\/span><\/span><\/span><\/span><\/span><\/span><\/p>\n<p><span style=\"vertical-align: inherit;\"><span style=\"vertical-align: inherit;\"><span style=\"vertical-align: inherit;\"><span style=\"vertical-align: inherit;\"><span style=\"vertical-align: inherit;\"><span style=\"vertical-align: inherit;\"><span style=\"vertical-align: inherit;\"><span style=\"vertical-align: inherit;\">Por essa ras\u00e3o, n\u00e3o limitamos sua criatividade, ou seja, pensa no bon\u00e9 que produzimos para voc\u00ea.<\/span><\/span><\/span><\/span><\/span><\/span><\/span><\/span><\/p>\n<p>&nbsp;<\/p>\n<h2><span style=\"vertical-align: inherit;\"><span style=\"vertical-align: inherit;\"><span style=\"vertical-align: inherit;\"><span style=\"vertical-align: inherit;\"><span style=\"vertical-align: inherit;\"><span style=\"vertical-align: inherit;\"><span style=\"vertical-align: inherit;\"><span style=\"vertical-align: inherit;\">Bon\u00e9s promocionais para brindes<\/span><\/span><\/span><\/span><\/span><\/span><\/span><\/span><\/h2>\n<p><span style=\"vertical-align: inherit;\"><span style=\"vertical-align: inherit;\"><span style=\"vertical-align: inherit;\"><span style=\"vertical-align: inherit;\"><span style=\"vertical-align: inherit;\"><span style=\"vertical-align: inherit;\"><span style=\"vertical-align: inherit;\"><span style=\"vertical-align: inherit;\">Al\u00e9m de bon\u00e9s para marcas, tamb\u00e9m fabricamos <\/span><\/span><\/span><\/span><\/span><\/span><\/span><\/span><a href=\"http:\/\/www.lagel.com.br\"><span style=\"vertical-align: inherit;\"><span style=\"vertical-align: inherit;\"><span style=\"vertical-align: inherit;\"><span style=\"vertical-align: inherit;\"><span style=\"vertical-align: inherit;\"><span style=\"vertical-align: inherit;\"><span style=\"vertical-align: inherit;\"><span style=\"vertical-align: inherit;\">bon\u00e9s promocionais<\/span><\/span><\/span><\/span><\/span><\/span><\/span><\/span><\/a><span style=\"vertical-align: inherit;\"><span style=\"vertical-align: inherit;\"><span style=\"vertical-align: inherit;\"><span style=\"vertical-align: inherit;\"><span style=\"vertical-align: inherit;\"><span style=\"vertical-align: inherit;\"><span style=\"vertical-align: inherit;\"><span style=\"vertical-align: inherit;\"> para brindes.<\/span><\/span><\/span><\/span><\/span><\/span><\/span><\/span><\/p>\n<p><span style=\"vertical-align: inherit;\"><span style=\"vertical-align: inherit;\"><span style=\"vertical-align: inherit;\"><span style=\"vertical-align: inherit;\"><span style=\"vertical-align: inherit;\"><span style=\"vertical-align: inherit;\"><span style=\"vertical-align: inherit;\"><span style=\"vertical-align: inherit;\">Muitas empresas de grande, m\u00e9dio e pequeno porte confiam em nossos trabalhos e produtos.<\/span><\/span><\/span><\/span><\/span><\/span><\/span><\/span><\/p>\n<p><span style=\"vertical-align: inherit;\"><span style=\"vertical-align: inherit;\"><span style=\"vertical-align: inherit;\"><span style=\"vertical-align: inherit;\"><span style=\"vertical-align: inherit;\"><span style=\"vertical-align: inherit;\"><span style=\"vertical-align: inherit;\"><span style=\"vertical-align: inherit;\">Fiat, Petrobras, Ford, Suvinil, Sadia, Guerra, Volvo, Scania, s\u00e3o nossos clientes.<\/span><\/span><\/span><\/span><\/span><\/span><\/span><\/span><\/p>\n<p><span style=\"vertical-align: inherit;\"><span style=\"vertical-align: inherit;\"><span style=\"vertical-align: inherit;\"><span style=\"vertical-align: inherit;\"><span style=\"vertical-align: inherit;\"><span style=\"vertical-align: inherit;\"><span style=\"vertical-align: inherit;\"><span style=\"vertical-align: inherit;\">Ent\u00e3o, voc\u00ea j\u00e1 sabe onde produzir seus <\/span><\/span><\/span><\/span><\/span><\/span><\/span><\/span><a href=\"https:\/\/kyoodai.com.br\/\"><span style=\"vertical-align: inherit;\"><span style=\"vertical-align: inherit;\"><span style=\"vertical-align: inherit;\"><span style=\"vertical-align: inherit;\"><span style=\"vertical-align: inherit;\"><span style=\"vertical-align: inherit;\"><span style=\"vertical-align: inherit;\"><span style=\"vertical-align: inherit;\">bon\u00e9s com qualidade<\/span><\/span><\/span><\/span><\/span><\/span><\/span><\/span><\/a><span style=\"vertical-align: inherit;\"><span style=\"vertical-align: inherit;\"><span style=\"vertical-align: inherit;\"><span style=\"vertical-align: inherit;\"><span style=\"vertical-align: inherit;\"><span style=\"vertical-align: inherit;\"><span style=\"vertical-align: inherit;\"><span style=\"vertical-align: inherit;\">?<\/span><\/span><\/span><\/span><\/span><\/span><\/span><\/span><\/p>\n<p><span style=\"vertical-align: inherit;\"><span style=\"vertical-align: inherit;\"><span style=\"vertical-align: inherit;\"><span style=\"vertical-align: inherit;\"><span style=\"vertical-align: inherit;\"><span style=\"vertical-align: inherit;\"><span style=\"vertical-align: inherit;\"><span style=\"vertical-align: inherit;\">Agende uma visita e venha nos conhecer, estamos de portas abertas para receber todos os nossos clientes.<\/span><\/span><\/span><\/span><\/span><\/span><\/span><\/span><\/p>\n<p><span style=\"vertical-align: inherit;\"><span style=\"vertical-align: inherit;\"><span style=\"vertical-align: inherit;\"><span style=\"vertical-align: inherit;\"><span style=\"vertical-align: inherit;\"><span style=\"vertical-align: inherit;\"><span style=\"vertical-align: inherit;\"><span style=\"vertical-align: inherit;\">Entenda oque nos torna diferentes, certamente voc\u00ea vai se surpreender.<\/span><\/span><\/span><\/span><\/span><\/span><\/span><\/span>[\/vc_column_text][\/vc_tta_section][\/vc_tta_accordion][vc_empty_space height=&#8221;50px&#8221;][vc_column_text]<\/p>\n<h2 style=\"text-align: center;\"><span style=\"color: #000000;\">BON\u00c9S QUE FABRICAMOS<\/span><\/h2>\n<p style=\"text-align: center;\"><span style=\"color: #000000;\">Confira alguns dos exemplos que produzimos e personalizamos para nossos clientes.<\/span><\/p>\n<p>[\/vc_column_text][vc_empty_space height=&#8221;50px&#8221;][vc_row_inner][vc_column_inner width=&#8221;1\/3&#8243;][vc_single_image image=&#8221;28316&#8243; img_size=&#8221;large&#8221; alignment=&#8221;center&#8221; onclick=&#8221;custom_link&#8221; title=&#8221;Bon\u00e9 trucker preto de tela&#8221; link=&#8221;https:\/\/hurdle.com.br\/produtos\/&#8221;][\/vc_column_inner][vc_column_inner width=&#8221;1\/3&#8243;][vc_single_image image=&#8221;28314&#8243; img_size=&#8221;large&#8221; alignment=&#8221;center&#8221; onclick=&#8221;custom_link&#8221; title=&#8221;Bon\u00e9 caminhoneiro country&#8221; link=&#8221;https:\/\/hurdle.com.br\/produtos\/&#8221;][\/vc_column_inner][vc_column_inner width=&#8221;1\/3&#8243;][vc_single_image image=&#8221;28310&#8243; img_size=&#8221;large&#8221; alignment=&#8221;center&#8221; onclick=&#8221;custom_link&#8221; title=&#8221;Bon\u00e9 trucker animal print&#8221; link=&#8221;https:\/\/hurdle.com.br\/produtos\/&#8221;][\/vc_column_inner][\/vc_row_inner][vc_row_inner][vc_column_inner width=&#8221;1\/3&#8243;][vc_single_image image=&#8221;28305&#8243; img_size=&#8221;large&#8221; alignment=&#8221;center&#8221; onclick=&#8221;custom_link&#8221; title=&#8221;Bon\u00e9 basebol aba curva&#8221; link=&#8221;https:\/\/hurdle.com.br\/produtos\/&#8221;][\/vc_column_inner][vc_column_inner width=&#8221;1\/3&#8243;][vc_single_image image=&#8221;28307&#8243; img_size=&#8221;large&#8221; alignment=&#8221;center&#8221; onclick=&#8221;custom_link&#8221; title=&#8221;Bon\u00e9 dad hat bordado&#8221; link=&#8221;https:\/\/hurdle.com.br\/produtos\/&#8221;][\/vc_column_inner][vc_column_inner width=&#8221;1\/3&#8243;][vc_single_image image=&#8221;28308&#8243; img_size=&#8221;large&#8221; alignment=&#8221;center&#8221; onclick=&#8221;custom_link&#8221; title=&#8221;Bon\u00e9 flex de gorgur\u00e3o&#8221; link=&#8221;https:\/\/hurdle.com.br\/produtos\/&#8221;][\/vc_column_inner][\/vc_row_inner][vc_row_inner][vc_column_inner width=&#8221;1\/3&#8243;][vc_single_image image=&#8221;28315&#8243; img_size=&#8221;large&#8221; alignment=&#8221;center&#8221; onclick=&#8221;custom_link&#8221; title=&#8221;Bon\u00e9 trucker sublimado&#8221; link=&#8221;https:\/\/hurdle.com.br\/produtos\/&#8221;][\/vc_column_inner][vc_column_inner width=&#8221;1\/3&#8243;][vc_single_image image=&#8221;28306&#8243; img_size=&#8221;large&#8221; alignment=&#8221;center&#8221; onclick=&#8221;custom_link&#8221; title=&#8221;Bon\u00e9 de tela bordado&#8221; link=&#8221;https:\/\/hurdle.com.br\/produtos\/&#8221;][\/vc_column_inner][vc_column_inner width=&#8221;1\/3&#8243;][vc_single_image image=&#8221;28312&#8243; img_size=&#8221;large&#8221; alignment=&#8221;center&#8221; onclick=&#8221;custom_link&#8221; title=&#8221;Bon\u00e9 country de palha&#8221; link=&#8221;https:\/\/hurdle.com.br\/produtos\/&#8221;][\/vc_column_inner][\/vc_row_inner][vc_empty_space][vc_btn title=&#8221;VER TODOS PRODUTOS&#8221; style=&#8221;classic&#8221; shape=&#8221;square&#8221; color=&#8221;black&#8221; size=&#8221;lg&#8221; align=&#8221;center&#8221; button_block=&#8221;true&#8221; link=&#8221;url:https%3A%2F%2Fhurdle.com.br%2Fprodutos%2F|title:Bon%C3%A9s%20para%20marcas%20e%20promocionais%20personalizados&#8221;][\/vc_column][\/vc_row]<\/p>\n","protected":false},"excerpt":{"rendered":"<p>[vc_row][vc_column][vc_tta_accordion style=&#8221;modern&#8221; shape=&#8221;square&#8221; color=&#8221;white&#8221; c_icon=&#8221;&#8221; active_section=&#8221;0&#8243; collapsible_all=&#8221;true&#8221; estilo=&#8221;flat&#8221; forma=&#8221;quadrado&#8221;][vc_tta_section title=&#8221;Bon\u00e9s personalizados&#8221; tab_id=&#8221;1542629208429-b7f0b1e7-245e&#8221;][vc_column_text] Procurando por ? Certamente n\u00f3s podemos lhe ajudar. Isso porque fabricamos e personalizamos bon\u00e9s para marcas de todo Brasil, al\u00e9m disso, somos refer\u00eancia em qualidade e inova\u00e7\u00e3o. Estamos h\u00e1 mais de 20 anos no mercado de confec\u00e7\u00e3o, provavelmente voc\u00ea conhe\u00e7a nossos produtos, pois&hellip;<\/p>\n","protected":false},"author":1,"featured_media":0,"parent":0,"menu_order":0,"comment_status":"closed","ping_status":"open","template":"","meta":[],"yoast_head":"<!-- This site is optimized with the Yoast SEO plugin v17.3 - https:\/\/yoast.com\/wordpress\/plugins\/seo\/ -->\n<title>Bon\u00e9s personalizados em Boa Ventura de S\u00e3o Roque PR- Hurdle<\/title>\n<meta name=\"description\" content=\"Bon\u00e9s personalizados em Boa Ventura de S\u00e3o Roque PR - Hurdle f\u00e1brica de bon\u00e9s personalizados com alto padr\u00e3o de qualidade. Somos um dos principais fornecedor de bon\u00e9s no Brasil.\" \/>\n<meta name=\"robots\" content=\"index, follow, max-snippet:-1, max-image-preview:large, max-video-preview:-1\" \/>\n<link rel=\"canonical\" href=\"https:\/\/hurdle.com.br\/cidades\/bones-personalizados-em-boa-ventura-de-sao-roque-pr\/\" \/>\n<meta property=\"og:locale\" content=\"pt_BR\" \/>\n<meta property=\"og:type\" content=\"article\" \/>\n<meta property=\"og:title\" content=\"Bon\u00e9s personalizados em Boa Ventura de S\u00e3o Roque PR- Hurdle\" \/>\n<meta property=\"og:description\" content=\"Bon\u00e9s personalizados em Boa Ventura de S\u00e3o Roque PR - Hurdle f\u00e1brica de bon\u00e9s personalizados com alto padr\u00e3o de qualidade. Somos um dos principais fornecedor de bon\u00e9s no Brasil.\" \/>\n<meta property=\"og:url\" content=\"https:\/\/hurdle.com.br\/cidades\/bones-personalizados-em-boa-ventura-de-sao-roque-pr\/\" \/>\n<meta property=\"og:site_name\" content=\"Hurdle\" \/>\n<meta property=\"article:modified_time\" content=\"2021-02-08T17:12:42+00:00\" \/>\n<meta name=\"twitter:card\" content=\"summary_large_image\" \/>\n<meta name=\"twitter:label1\" content=\"Est. tempo de leitura\" \/>\n\t<meta name=\"twitter:data1\" content=\"4 minutos\" \/>\n<script type=\"application\/ld+json\" class=\"yoast-schema-graph\">{\"@context\":\"https:\/\/schema.org\",\"@graph\":[{\"@type\":\"WebSite\",\"@id\":\"https:\/\/hurdle.com.br\/cidades\/#website\",\"url\":\"https:\/\/hurdle.com.br\/cidades\/\",\"name\":\"Hurdle\",\"description\":\"Bon\\u00e9s personalizados de qualidade\",\"potentialAction\":[{\"@type\":\"SearchAction\",\"target\":{\"@type\":\"EntryPoint\",\"urlTemplate\":\"https:\/\/hurdle.com.br\/cidades\/?s={search_term_string}\"},\"query-input\":\"required name=search_term_string\"}],\"inLanguage\":\"pt-BR\"},{\"@type\":\"WebPage\",\"@id\":\"https:\/\/hurdle.com.br\/cidades\/bones-personalizados-em-boa-ventura-de-sao-roque-pr\/#webpage\",\"url\":\"https:\/\/hurdle.com.br\/cidades\/bones-personalizados-em-boa-ventura-de-sao-roque-pr\/\",\"name\":\"Bon\\u00e9s personalizados em Boa Ventura de S\\u00e3o Roque PR- Hurdle\",\"isPartOf\":{\"@id\":\"https:\/\/hurdle.com.br\/cidades\/#website\"},\"datePublished\":\"2020-06-01T18:40:54+00:00\",\"dateModified\":\"2021-02-08T17:12:42+00:00\",\"description\":\"Bon\\u00e9s personalizados em Boa Ventura de S\\u00e3o Roque PR - Hurdle f\\u00e1brica de bon\\u00e9s personalizados com alto padr\\u00e3o de qualidade. Somos um dos principais fornecedor de bon\\u00e9s no Brasil.\",\"breadcrumb\":{\"@id\":\"https:\/\/hurdle.com.br\/cidades\/bones-personalizados-em-boa-ventura-de-sao-roque-pr\/#breadcrumb\"},\"inLanguage\":\"pt-BR\",\"potentialAction\":[{\"@type\":\"ReadAction\",\"target\":[\"https:\/\/hurdle.com.br\/cidades\/bones-personalizados-em-boa-ventura-de-sao-roque-pr\/\"]}]},{\"@type\":\"BreadcrumbList\",\"@id\":\"https:\/\/hurdle.com.br\/cidades\/bones-personalizados-em-boa-ventura-de-sao-roque-pr\/#breadcrumb\",\"itemListElement\":[{\"@type\":\"ListItem\",\"position\":1,\"name\":\"In\\u00edcio\",\"item\":\"https:\/\/hurdle.com.br\/cidades\/\"},{\"@type\":\"ListItem\",\"position\":2,\"name\":\"Bon\\u00e9s personalizados em Boa Ventura de S\\u00e3o Roque PR\"}]}]}<\/script>\n<!-- \/ Yoast SEO plugin. -->","yoast_head_json":{"title":"Bon\u00e9s personalizados em Boa Ventura de S\u00e3o Roque PR- Hurdle","description":"Bon\u00e9s personalizados em Boa Ventura de S\u00e3o Roque PR - Hurdle f\u00e1brica de bon\u00e9s personalizados com alto padr\u00e3o de qualidade. Somos um dos principais fornecedor de bon\u00e9s no Brasil.","robots":{"index":"index","follow":"follow","max-snippet":"max-snippet:-1","max-image-preview":"max-image-preview:large","max-video-preview":"max-video-preview:-1"},"canonical":"https:\/\/hurdle.com.br\/cidades\/bones-personalizados-em-boa-ventura-de-sao-roque-pr\/","og_locale":"pt_BR","og_type":"article","og_title":"Bon\u00e9s personalizados em Boa Ventura de S\u00e3o Roque PR- Hurdle","og_description":"Bon\u00e9s personalizados em Boa Ventura de S\u00e3o Roque PR - Hurdle f\u00e1brica de bon\u00e9s personalizados com alto padr\u00e3o de qualidade. Somos um dos principais fornecedor de bon\u00e9s no Brasil.","og_url":"https:\/\/hurdle.com.br\/cidades\/bones-personalizados-em-boa-ventura-de-sao-roque-pr\/","og_site_name":"Hurdle","article_modified_time":"2021-02-08T17:12:42+00:00","twitter_card":"summary_large_image","twitter_misc":{"Est. tempo de leitura":"4 minutos"},"schema":{"@context":"https:\/\/schema.org","@graph":[{"@type":"WebSite","@id":"https:\/\/hurdle.com.br\/cidades\/#website","url":"https:\/\/hurdle.com.br\/cidades\/","name":"Hurdle","description":"Bon\u00e9s personalizados de qualidade","potentialAction":[{"@type":"SearchAction","target":{"@type":"EntryPoint","urlTemplate":"https:\/\/hurdle.com.br\/cidades\/?s={search_term_string}"},"query-input":"required name=search_term_string"}],"inLanguage":"pt-BR"},{"@type":"WebPage","@id":"https:\/\/hurdle.com.br\/cidades\/bones-personalizados-em-boa-ventura-de-sao-roque-pr\/#webpage","url":"https:\/\/hurdle.com.br\/cidades\/bones-personalizados-em-boa-ventura-de-sao-roque-pr\/","name":"Bon\u00e9s personalizados em Boa Ventura de S\u00e3o Roque PR- Hurdle","isPartOf":{"@id":"https:\/\/hurdle.com.br\/cidades\/#website"},"datePublished":"2020-06-01T18:40:54+00:00","dateModified":"2021-02-08T17:12:42+00:00","description":"Bon\u00e9s personalizados em Boa Ventura de S\u00e3o Roque PR - Hurdle f\u00e1brica de bon\u00e9s personalizados com alto padr\u00e3o de qualidade. Somos um dos principais fornecedor de bon\u00e9s no Brasil.","breadcrumb":{"@id":"https:\/\/hurdle.com.br\/cidades\/bones-personalizados-em-boa-ventura-de-sao-roque-pr\/#breadcrumb"},"inLanguage":"pt-BR","potentialAction":[{"@type":"ReadAction","target":["https:\/\/hurdle.com.br\/cidades\/bones-personalizados-em-boa-ventura-de-sao-roque-pr\/"]}]},{"@type":"BreadcrumbList","@id":"https:\/\/hurdle.com.br\/cidades\/bones-personalizados-em-boa-ventura-de-sao-roque-pr\/#breadcrumb","itemListElement":[{"@type":"ListItem","position":1,"name":"In\u00edcio","item":"https:\/\/hurdle.com.br\/cidades\/"},{"@type":"ListItem","position":2,"name":"Bon\u00e9s personalizados em Boa Ventura de S\u00e3o Roque PR"}]}]}},"_links":{"self":[{"href":"https:\/\/hurdle.com.br\/cidades\/wp-json\/wp\/v2\/pages\/13231"}],"collection":[{"href":"https:\/\/hurdle.com.br\/cidades\/wp-json\/wp\/v2\/pages"}],"about":[{"href":"https:\/\/hurdle.com.br\/cidades\/wp-json\/wp\/v2\/types\/page"}],"author":[{"embeddable":true,"href":"https:\/\/hurdle.com.br\/cidades\/wp-json\/wp\/v2\/users\/1"}],"replies":[{"embeddable":true,"href":"https:\/\/hurdle.com.br\/cidades\/wp-json\/wp\/v2\/comments?post=13231"}],"version-history":[{"count":0,"href":"https:\/\/hurdle.com.br\/cidades\/wp-json\/wp\/v2\/pages\/13231\/revisions"}],"wp:attachment":[{"href":"https:\/\/hurdle.com.br\/cidades\/wp-json\/wp\/v2\/media?parent=13231"}],"curies":[{"name":"wp","href":"https:\/\/api.w.org\/{rel}","templated":true}]}}